{"id":310,"date":"2016-03-12T08:49:58","date_gmt":"2016-03-12T08:49:58","guid":{"rendered":"http:\/\/www.pro-musica-bremen.de\/wordpress\/?page_id=310"},"modified":"2016-03-12T08:53:00","modified_gmt":"2016-03-12T08:53:00","slug":"bach-finale","status":"publish","type":"page","link":"http:\/\/www.pro-musica-bremen.de\/?page_id=310","title":{"rendered":"Bach finale"},"content":{"rendered":"<p><a href=\"http:\/\/www.pro-musica-bremen.de\/wp-content\/uploads\/2015\/11\/hMollMesseBild.png\"><img loading=\"lazy\" decoding=\"async\" class=\" wp-image-225 aligncenter\" src=\"http:\/\/www.pro-musica-bremen.de\/wp-content\/uploads\/2015\/11\/hMollMesseBild-300x157.png\" alt=\"h-Moll-Messe\" width=\"438\" height=\"229\" srcset=\"http:\/\/www.pro-musica-bremen.de\/wp-content\/uploads\/2015\/11\/hMollMesseBild-300x157.png 300w, http:\/\/www.pro-musica-bremen.de\/wp-content\/uploads\/2015\/11\/hMollMesseBild.png 785w\" sizes=\"(max-width: 438px) 100vw, 438px\" \/><\/a><\/p>\n<h3 style=\"text-align: center;\"><strong>Bach Finale<\/strong><\/h3>\n<h4 style=\"text-align: center;\">Johann Sebastian Bach: Messe in h-Moll<\/h4>\n<p style=\"text-align: center;\"><strong><span style=\"color: #ff0000;\">Sonntag, 14. November 2015 um 18 Uhr<\/span><br \/>\nSt. Ansgarii, Bremen<\/strong><\/p>\n<p style=\"text-align: left;\">Das bedeutendste gro\u00dfe Vokalwerk Johann Sebastian Bachs ist ohne Zweifel die Messe in h-Moll (BWV 232).<br \/>\nDie Entstehung ihrer f\u00fcnf Ordinariumsteile (Kyrie, Gloria, Credo, Sanctus und Agnus Dei) weisen eine Werkgeschichte von etwa 25 Jahren auf.<br \/>\nErst 1748\/49 f\u00fcgte Bach alle Teile zusammen und \u00fcberarbeitete sie zu der uns vorliegenden, vollst\u00e4ndigen Messe.<\/p>\n<p style=\"text-align: left;\">Ausf\u00fchrende sind:<br \/>\nDorothee Mields, Sopran | David Erler, Altus Christian Rathgeber, Tenor | Henryk B\u00f6hm, Bass<br \/>\n<strong>Kammerchor pro musica bremen<\/strong> | Kantorei St. Ansgarii<br \/>\nNorddeutsches Barock-Collegium<\/p>\n<p style=\"text-align: left;\">Leitung: Kai Niko Henke<\/p>\n<p style=\"text-align: left;\"><em>Karten zu 26 \/ 20 \/ 14 Euro (Erm\u00e4\u00dfigung: 5 Euro) im Vorverkauf ab Anfang Oktober: Kapitel 8 (Domsheide) und Kanzlei St. Ansgarii, sowie an der Abendkasse ab 17 Uhr.<br \/>\nTelefonische Vorbestellung unter: 0421 &#8211; 841 391 0<\/em><\/p>\n","protected":false},"excerpt":{"rendered":"<p>Bach Finale Johann Sebastian Bach: Messe in h-Moll Sonntag, 14. November 2015 um 18 Uhr St. Ansgarii, Bremen Das bedeutendste gro\u00dfe Vokalwerk Johann Sebastian Bachs ist ohne Zweifel die Messe in h-Moll (BWV 232). Die Entstehung ihrer f\u00fcnf Ordinariumsteile (Kyrie, Gloria, Credo, Sanctus und Agnus Dei) weisen eine Werkgeschichte von<\/p>\n","protected":false},"author":1,"featured_media":0,"parent":215,"menu_order":0,"comment_status":"closed","ping_status":"closed","template":"","meta":{"footnotes":""},"_links":{"self":[{"href":"http:\/\/www.pro-musica-bremen.de\/index.php?rest_route=\/wp\/v2\/pages\/310"}],"collection":[{"href":"http:\/\/www.pro-musica-bremen.de\/index.php?rest_route=\/wp\/v2\/pages"}],"about":[{"href":"http:\/\/www.pro-musica-bremen.de\/index.php?rest_route=\/wp\/v2\/types\/page"}],"author":[{"embeddable":true,"href":"http:\/\/www.pro-musica-bremen.de\/index.php?rest_route=\/wp\/v2\/users\/1"}],"replies":[{"embeddable":true,"href":"http:\/\/www.pro-musica-bremen.de\/index.php?rest_route=%2Fwp%2Fv2%2Fcomments&post=310"}],"version-history":[{"count":3,"href":"http:\/\/www.pro-musica-bremen.de\/index.php?rest_route=\/wp\/v2\/pages\/310\/revisions"}],"predecessor-version":[{"id":317,"href":"http:\/\/www.pro-musica-bremen.de\/index.php?rest_route=\/wp\/v2\/pages\/310\/revisions\/317"}],"up":[{"embeddable":true,"href":"http:\/\/www.pro-musica-bremen.de\/index.php?rest_route=\/wp\/v2\/pages\/215"}],"wp:attachment":[{"href":"http:\/\/www.pro-musica-bremen.de\/index.php?rest_route=%2Fwp%2Fv2%2Fmedia&parent=310"}],"curies":[{"name":"wp","href":"https:\/\/api.w.org\/{rel}","templated":true}]}}